{"id":1156,"date":"2015-06-10T23:40:38","date_gmt":"2015-06-11T02:40:38","guid":{"rendered":"http:\/\/guanabara.org.br\/?page_id=1156"},"modified":"2015-06-11T00:12:24","modified_gmt":"2015-06-11T03:12:24","slug":"curso-de-reciclagem-para-participantes-de-escalada","status":"publish","type":"page","link":"http:\/\/guanabara.org.br\/index.php\/cursos\/curso-de-reciclagem-para-participantes-de-escalada\/","title":{"rendered":"Curso de Reciclagem para Participantes de Escalada"},"content":{"rendered":"<p><strong>Objetivo<\/strong>: Recordar aos participantes os procedimentos b\u00e1sicos de escalada, de forma que estes estejam aptos a participar de escaladas com mais seguran\u00e7a.<\/p>\n<p><strong>Vagas<\/strong>: 12<\/p>\n<p><strong>Custo<\/strong>: R$ 150,00 (inclui material did\u00e1tico)<\/p>\n<p><strong>Pr\u00e9-requisitos<\/strong>: S\u00f3cio em dia com as mensalidades que j\u00e1 tenha cursado um CBM ou CBE<\/p>\n<p><strong>Formato do curso<\/strong>: 2 aulas te\u00f3ricas, 2 campos-escola e 1 escalada<\/p>\n<p><strong>Calend\u00e1rio 2015<\/strong>:<br \/>\n17\/06 (quarta): Aula te\u00f3rica 1 &#8211; 19:00 &#8211; Sede do CEG<br \/>\n20\/06 (s\u00e1bado): Campo-escola &#8211; manh\u00e3 &#8211; Graja\u00fa<br \/>\n21\/06 (domingo): Campo-escola &#8211; manh\u00e3 &#8211; Face Norte do Morro da Urca<br \/>\n24\/06 (quarta): Aula te\u00f3rica 2 &#8211; 19:00 &#8211; Sede do CEG<br \/>\n27\/06 (s\u00e1bado): Escalada (grupo 1) &#8211; manh\u00e3 &#8211; Coloridos (Morro da Urca)<br \/>\n28\/06 (domingo): Escalada (grupo 2) &#8211; manh\u00e3 &#8211; Coloridos (Morro da Urca)<\/p>\n<p><strong>Inscri\u00e7\u00f5es<\/strong>:<br \/>\nNa sede do clube, com o Luiz Alberto, Batman ou Emiliano. O pagamento dever\u00e1 ser feito no ato da inscri\u00e7\u00e3o. Caso n\u00e3o seja poss\u00edvel comparecer ao clube, o interessado dever\u00e1 fazer o dep\u00f3sito do valor integral da inscri\u00e7\u00e3o na conta do Guanabara, e enviar o comprovante para os seguintes e-mails:<br \/>\nguanabara@guanabara.org.br<br \/>\nbiglu2055@gmail.com<br \/>\nemilianost@gmail.com<\/p>\n<p><strong>Dados banc\u00e1rios<\/strong>:<br \/>\nCENTRO EXCURSIONISTA GUANABARA<br \/>\nCNPJ: 42159046\/0001-06<br \/>\nBanco: 341 ITAU UNIBANCO S.A.<br \/>\nAg\u00eancia: 8.476 RIO RUA VISCONDE<br \/>\nConta Corrente: 7513-3<\/p>\n<p>Ser\u00e1 poss\u00edvel fazer a inscri\u00e7\u00e3o at\u00e9 17\/06 (quarta-feira), data da primeira aula te\u00f3rica. Enquanto houver vagas.<\/p>\n","protected":false},"excerpt":{"rendered":"<p>Objetivo: Recordar aos participantes os procedimentos b\u00e1sicos de escalada, de forma que estes estejam aptos a participar de escaladas com mais seguran\u00e7a. Vagas: 12 Custo: R$ 150,00 (inclui material did\u00e1tico) Pr\u00e9-requisitos: S\u00f3cio em dia com as mensalidades que j\u00e1 tenha cursado um CBM ou CBE Formato do curso: 2 aulas te\u00f3ricas, 2 campos-escola e 1 <a class=\"more-link\" href=\"http:\/\/guanabara.org.br\/index.php\/cursos\/curso-de-reciclagem-para-participantes-de-escalada\/\">Read More &#8230;<\/a><\/p>\n","protected":false},"author":6,"featured_media":0,"parent":670,"menu_order":0,"comment_status":"closed","ping_status":"open","template":"","meta":{"footnotes":""},"class_list":["post-1156","page","type-page","status-publish","hentry"],"_links":{"self":[{"href":"http:\/\/guanabara.org.br\/index.php\/wp-json\/wp\/v2\/pages\/1156","targetHints":{"allow":["GET"]}}],"collection":[{"href":"http:\/\/guanabara.org.br\/index.php\/wp-json\/wp\/v2\/pages"}],"about":[{"href":"http:\/\/guanabara.org.br\/index.php\/wp-json\/wp\/v2\/types\/page"}],"author":[{"embeddable":true,"href":"http:\/\/guanabara.org.br\/index.php\/wp-json\/wp\/v2\/users\/6"}],"replies":[{"embeddable":true,"href":"http:\/\/guanabara.org.br\/index.php\/wp-json\/wp\/v2\/comments?post=1156"}],"version-history":[{"count":5,"href":"http:\/\/guanabara.org.br\/index.php\/wp-json\/wp\/v2\/pages\/1156\/revisions"}],"predecessor-version":[{"id":1163,"href":"http:\/\/guanabara.org.br\/index.php\/wp-json\/wp\/v2\/pages\/1156\/revisions\/1163"}],"up":[{"embeddable":true,"href":"http:\/\/guanabara.org.br\/index.php\/wp-json\/wp\/v2\/pages\/670"}],"wp:attachment":[{"href":"http:\/\/guanabara.org.br\/index.php\/wp-json\/wp\/v2\/media?parent=1156"}],"curies":[{"name":"wp","href":"https:\/\/api.w.org\/{rel}","templated":true}]}}