{"id":627,"date":"2012-12-19T00:22:43","date_gmt":"2012-12-19T00:22:43","guid":{"rendered":"http:\/\/guanabara.org.br\/?page_id=627"},"modified":"2012-12-19T00:22:43","modified_gmt":"2012-12-19T00:22:43","slug":"voce-sabia-que-o-ceg-ja-foi-o-jilo","status":"publish","type":"page","link":"http:\/\/guanabara.org.br\/index.php\/ceg-2\/voce-sabia-que-o-ceg-ja-foi-o-jilo\/","title":{"rendered":"Voc\u00ea sabia que o CEG j\u00e1 foi o Jil\u00f3?"},"content":{"rendered":"<p>Antes do CEG ser chamado de Centro Excursionista Guanabara ele era denominado GRUPO EXCURSIONISTA JIL\u00d3.<\/p>\n<p>Conhe\u00e7as as outras op\u00e7\u00f5es:<\/p>\n<p>Grupo Excursionista Jil\u00f3<br \/>\nClube ou Grupo Excursionista Serra Geral<br \/>\nGrupo Excursionista Agulhas Negras<br \/>\nGrupo Excursionista Roraima<br \/>\nCentro Excursionista Guanabara<br \/>\nClube Excursionista Guanabara<br \/>\nGrupo Excursionista Guanabara<br \/>\n\u201cJil\u00f3 n\u00e3o tinha possibilidade legal de registro junto \u00e0 Uni\u00e3o Brasileira de Excursionismo (UBE), nem junto \u00e0s demais agremia\u00e7\u00f5es; Grupo limitava o n\u00famero de participantes; Para Clube, havia a necessidade de pagamento de alta taxa espec\u00edfica e, Centro, era o mais amplo, sem limites de participantes, nem taxas.\u201d<\/p>\n<p>O \u201cG.E.JIL\u00d3\u201d surgiu com um passeio ao parque nacional de Itatiaia do qual participaram 10 pessoas, realizado em 03\/10\/1958.<\/p>\n<p>Sua primeira diretoria foi eleita a 14\/02\/1959, ap\u00f3s o passeio efetuado no mesmo parque, por ocasi\u00e3o do carnaval e que participaram 35 pessoas.<\/p>\n<p>Ent\u00e3o, em 25 de outubro de 1959 firmou-se que o clube seria denominado CENTRO EXCURSIONISTA GUANABARA, por orienta\u00e7\u00e3o de Raul Fernandes de Oliveira e Cunha, Maur\u00edcio Alves de Castilho e Enos da Costa, por uma associa\u00e7\u00e3o ao nome do futuro Estado: Guanabara.<\/p>\n","protected":false},"excerpt":{"rendered":"<p>Antes do CEG ser chamado de Centro Excursionista Guanabara ele era denominado GRUPO EXCURSIONISTA JIL\u00d3. Conhe\u00e7as as outras op\u00e7\u00f5es: Grupo Excursionista Jil\u00f3 Clube ou Grupo Excursionista Serra Geral Grupo Excursionista Agulhas Negras Grupo Excursionista Roraima Centro Excursionista Guanabara Clube Excursionista Guanabara Grupo Excursionista Guanabara \u201cJil\u00f3 n\u00e3o tinha possibilidade legal de registro junto \u00e0 Uni\u00e3o Brasileira <a class=\"more-link\" href=\"http:\/\/guanabara.org.br\/index.php\/ceg-2\/voce-sabia-que-o-ceg-ja-foi-o-jilo\/\">Read More &#8230;<\/a><\/p>\n","protected":false},"author":6,"featured_media":0,"parent":2,"menu_order":0,"comment_status":"closed","ping_status":"open","template":"","meta":{"footnotes":""},"class_list":["post-627","page","type-page","status-publish","hentry"],"_links":{"self":[{"href":"http:\/\/guanabara.org.br\/index.php\/wp-json\/wp\/v2\/pages\/627","targetHints":{"allow":["GET"]}}],"collection":[{"href":"http:\/\/guanabara.org.br\/index.php\/wp-json\/wp\/v2\/pages"}],"about":[{"href":"http:\/\/guanabara.org.br\/index.php\/wp-json\/wp\/v2\/types\/page"}],"author":[{"embeddable":true,"href":"http:\/\/guanabara.org.br\/index.php\/wp-json\/wp\/v2\/users\/6"}],"replies":[{"embeddable":true,"href":"http:\/\/guanabara.org.br\/index.php\/wp-json\/wp\/v2\/comments?post=627"}],"version-history":[{"count":1,"href":"http:\/\/guanabara.org.br\/index.php\/wp-json\/wp\/v2\/pages\/627\/revisions"}],"predecessor-version":[{"id":628,"href":"http:\/\/guanabara.org.br\/index.php\/wp-json\/wp\/v2\/pages\/627\/revisions\/628"}],"up":[{"embeddable":true,"href":"http:\/\/guanabara.org.br\/index.php\/wp-json\/wp\/v2\/pages\/2"}],"wp:attachment":[{"href":"http:\/\/guanabara.org.br\/index.php\/wp-json\/wp\/v2\/media?parent=627"}],"curies":[{"name":"wp","href":"https:\/\/api.w.org\/{rel}","templated":true}]}}