{"id":1343,"date":"2016-04-22T19:30:09","date_gmt":"2016-04-22T22:30:09","guid":{"rendered":"http:\/\/guanabara.org.br\/?page_id=1343"},"modified":"2021-02-01T21:28:57","modified_gmt":"2021-02-02T00:28:57","slug":"corpo-tecnico","status":"publish","type":"page","link":"https:\/\/guanabara.org.br\/index.php\/ceg-2\/corpo-tecnico\/","title":{"rendered":"Corpo T\u00e9cnico"},"content":{"rendered":"<p><strong>Guias do Centro Excursionista Guanabara<\/strong><\/p>\n<ul>\n<li>Aline Ribeiro de Almeida (Alfacinha; Alfa) &#8211; Guia de Escalada\/Caminhada<\/li>\n<li>Carlos Alberto Carvalho Arruzzo (Xuxu) &#8211; Guia de Escalada\/Caminhada<\/li>\n<li>Carlos Trindade Ferreira (Trindade) &#8211; Guia de Escalada\/Caminhada<\/li>\n<li>Cl\u00e1udio Eduardo Bernardino de Oliveira (Batman) &#8211; Guia de Escalada\/Caminhada<\/li>\n<li>Flavio Jose Peixoto (Flavinho) &#8211; Guia de Escalada\/Caminhada<\/li>\n<li>Francisco Rabelo Saraiva (Saraiva) &#8211; Guia de Caminhada<\/li>\n<li>Jo\u00e3o Molica de Ara\u00fajo P\u00f4rto (Mollica) &#8211; Guia de Caminhada<\/li>\n<li>Jorge Dias Filho (Jorge) &#8211; Guia de Escalada\/Caminhada<\/li>\n<li>Jos\u00e9 Emiliano Starosky (Emiliano) &#8211; Guia de Caminhada<\/li>\n<li>Jose Ivan do N de Azevedo (Ivan) &#8211; Guia de Escalada\/Caminhada<\/li>\n<li>Luiz Alberto de Sousa Correia Pinto (Tio Luiz) &#8211; Guia de Caminhada<\/li>\n<li>Manuel Ros\u00e1rio J\u00fanior (Manu) &#8211; Guia de Escalada\/Caminhada<\/li>\n<li>Paulo Jorge Rodrigues Gaspar (PJ) &#8211; Guia de Caminhada<\/li>\n<li>Ricardo Peixoto Penna (Ricardo) &#8211; Guia de Escalada\/Caminhada<\/li>\n<li>Roberto Schmidt de Almeida (Schmidt) &#8211; Guia de Escalada\/Caminhada<\/li>\n<li>Rodrigo de Souza Tavares (Rodrigo) &#8211; Guia de Escalada\/Caminhada<\/li>\n<li>Seblen Mantovani (Sblen) &#8211; Guia de Escalada\/Caminhada<\/li>\n<\/ul>\n<hr \/>\n<p>Fotos:<\/p>\n\n\t\t<style type=\"text\/css\">\n\t\t\t#gallery-1 {\n\t\t\t\tmargin: auto;\n\t\t\t}\n\t\t\t#gallery-1 .gallery-item {\n\t\t\t\tfloat: left;\n\t\t\t\tmargin-top: 10px;\n\t\t\t\ttext-align: center;\n\t\t\t\twidth: 33%;\n\t\t\t}\n\t\t\t#gallery-1 img {\n\t\t\t\tborder: 2px solid #cfcfcf;\n\t\t\t}\n\t\t\t#gallery-1 .gallery-caption {\n\t\t\t\tmargin-left: 0;\n\t\t\t}\n\t\t\t\/* see gallery_shortcode() in wp-includes\/media.php *\/\n\t\t<\/style>\n\t\t<div id='gallery-1' class='gallery galleryid-1343 gallery-columns-3 gallery-size-thumbnail'><dl class='gallery-item'>\n\t\t\t<dt class='gallery-icon landscape'>\n\t\t\t\t<img loading=\"lazy\" decoding=\"async\" width=\"150\" height=\"150\" src=\"https:\/\/guanabara.org.br\/wp-content\/uploads\/2016\/04\/Aline-Ribeiro-de-Almeida-150x150.jpg\" class=\"attachment-thumbnail size-thumbnail\" alt=\"\" aria-describedby=\"gallery-1-1377\" \/>\n\t\t\t<\/dt>\n\t\t\t\t<dd class='wp-caption-text gallery-caption' id='gallery-1-1377'>\n\t\t\t\tAlfacinha; Alfa\n\t\t\t\t<\/dd><\/dl><dl class='gallery-item'>\n\t\t\t<dt class='gallery-icon landscape'>\n\t\t\t\t<img loading=\"lazy\" decoding=\"async\" width=\"150\" height=\"150\" src=\"https:\/\/guanabara.org.br\/wp-content\/uploads\/2016\/04\/Carlos-Alberto-Carvalho-Arruzzo-150x150.jpg\" class=\"attachment-thumbnail size-thumbnail\" alt=\"\" aria-describedby=\"gallery-1-1379\" srcset=\"https:\/\/guanabara.org.br\/wp-content\/uploads\/2016\/04\/Carlos-Alberto-Carvalho-Arruzzo-150x150.jpg 150w, https:\/\/guanabara.org.br\/wp-content\/uploads\/2016\/04\/Carlos-Alberto-Carvalho-Arruzzo.jpg 210w\" sizes=\"auto, (max-width: 150px) 100vw, 150px\" \/>\n\t\t\t<\/dt>\n\t\t\t\t<dd class='wp-caption-text gallery-caption' id='gallery-1-1379'>\n\t\t\t\tXuxu\n\t\t\t\t<\/dd><\/dl><dl class='gallery-item'>\n\t\t\t<dt class='gallery-icon landscape'>\n\t\t\t\t<img loading=\"lazy\" decoding=\"async\" width=\"150\" height=\"150\" src=\"https:\/\/guanabara.org.br\/wp-content\/uploads\/2016\/04\/Carlos-Trindade-Ferreira-150x150.jpg\" class=\"attachment-thumbnail size-thumbnail\" alt=\"\" aria-describedby=\"gallery-1-1380\" srcset=\"https:\/\/guanabara.org.br\/wp-content\/uploads\/2016\/04\/Carlos-Trindade-Ferreira-150x150.jpg 150w, https:\/\/guanabara.org.br\/wp-content\/uploads\/2016\/04\/Carlos-Trindade-Ferreira.jpg 210w\" sizes=\"auto, (max-width: 150px) 100vw, 150px\" \/>\n\t\t\t<\/dt>\n\t\t\t\t<dd class='wp-caption-text gallery-caption' id='gallery-1-1380'>\n\t\t\t\tTrindade\n\t\t\t\t<\/dd><\/dl><br style=\"clear: both\" \/><dl class='gallery-item'>\n\t\t\t<dt class='gallery-icon landscape'>\n\t\t\t\t<img loading=\"lazy\" decoding=\"async\" width=\"150\" height=\"150\" src=\"https:\/\/guanabara.org.br\/wp-content\/uploads\/2016\/04\/Claudio-Eduardo-Bernardino-de-Oliveira-150x150.jpg\" class=\"attachment-thumbnail size-thumbnail\" alt=\"\" aria-describedby=\"gallery-1-1381\" srcset=\"https:\/\/guanabara.org.br\/wp-content\/uploads\/2016\/04\/Claudio-Eduardo-Bernardino-de-Oliveira-150x150.jpg 150w, https:\/\/guanabara.org.br\/wp-content\/uploads\/2016\/04\/Claudio-Eduardo-Bernardino-de-Oliveira.jpg 210w\" sizes=\"auto, (max-width: 150px) 100vw, 150px\" \/>\n\t\t\t<\/dt>\n\t\t\t\t<dd class='wp-caption-text gallery-caption' id='gallery-1-1381'>\n\t\t\t\tBatman\n\t\t\t\t<\/dd><\/dl><dl class='gallery-item'>\n\t\t\t<dt class='gallery-icon landscape'>\n\t\t\t\t<img loading=\"lazy\" decoding=\"async\" width=\"150\" height=\"150\" src=\"https:\/\/guanabara.org.br\/wp-content\/uploads\/2016\/04\/Eliel-Franca-Gomes-150x150.jpg\" class=\"attachment-thumbnail size-thumbnail\" alt=\"\" aria-describedby=\"gallery-1-1382\" \/>\n\t\t\t<\/dt>\n\t\t\t\t<dd class='wp-caption-text gallery-caption' id='gallery-1-1382'>\n\t\t\t\tEliel\n\t\t\t\t<\/dd><\/dl><dl class='gallery-item'>\n\t\t\t<dt class='gallery-icon landscape'>\n\t\t\t\t<img loading=\"lazy\" decoding=\"async\" width=\"150\" height=\"150\" src=\"https:\/\/guanabara.org.br\/wp-content\/uploads\/2016\/04\/Flavio-Jose-Peixoto-150x150.jpg\" class=\"attachment-thumbnail size-thumbnail\" alt=\"\" aria-describedby=\"gallery-1-1383\" \/>\n\t\t\t<\/dt>\n\t\t\t\t<dd class='wp-caption-text gallery-caption' id='gallery-1-1383'>\n\t\t\t\tFlavinho\n\t\t\t\t<\/dd><\/dl><br style=\"clear: both\" \/><dl class='gallery-item'>\n\t\t\t<dt class='gallery-icon landscape'>\n\t\t\t\t<img loading=\"lazy\" decoding=\"async\" width=\"150\" height=\"150\" src=\"https:\/\/guanabara.org.br\/wp-content\/uploads\/2016\/04\/Francisco-Rabelo-Saraiva-150x150.jpg\" class=\"attachment-thumbnail size-thumbnail\" alt=\"\" aria-describedby=\"gallery-1-1384\" \/>\n\t\t\t<\/dt>\n\t\t\t\t<dd class='wp-caption-text gallery-caption' id='gallery-1-1384'>\n\t\t\t\tSaraiva\n\t\t\t\t<\/dd><\/dl><dl class='gallery-item'>\n\t\t\t<dt class='gallery-icon landscape'>\n\t\t\t\t<img loading=\"lazy\" decoding=\"async\" width=\"150\" height=\"150\" src=\"https:\/\/guanabara.org.br\/wp-content\/uploads\/2016\/04\/Frederico-Yasuo-Noritomi-150x150.jpg\" class=\"attachment-thumbnail size-thumbnail\" alt=\"\" aria-describedby=\"gallery-1-1385\" \/>\n\t\t\t<\/dt>\n\t\t\t\t<dd class='wp-caption-text gallery-caption' id='gallery-1-1385'>\n\t\t\t\tFred\n\t\t\t\t<\/dd><\/dl><dl class='gallery-item'>\n\t\t\t<dt class='gallery-icon landscape'>\n\t\t\t\t<img loading=\"lazy\" decoding=\"async\" width=\"150\" height=\"150\" src=\"https:\/\/guanabara.org.br\/wp-content\/uploads\/2016\/06\/Joao-Mollica-de-Araujo-Porto-150x150.jpg\" class=\"attachment-thumbnail size-thumbnail\" alt=\"\" aria-describedby=\"gallery-1-1410\" \/>\n\t\t\t<\/dt>\n\t\t\t\t<dd class='wp-caption-text gallery-caption' id='gallery-1-1410'>\n\t\t\t\tMollica\n\t\t\t\t<\/dd><\/dl><br style=\"clear: both\" \/><dl class='gallery-item'>\n\t\t\t<dt class='gallery-icon landscape'>\n\t\t\t\t<img loading=\"lazy\" decoding=\"async\" width=\"150\" height=\"150\" src=\"https:\/\/guanabara.org.br\/wp-content\/uploads\/2016\/04\/Jorge-Dias-Filho-150x150.jpg\" class=\"attachment-thumbnail size-thumbnail\" alt=\"\" aria-describedby=\"gallery-1-1387\" \/>\n\t\t\t<\/dt>\n\t\t\t\t<dd class='wp-caption-text gallery-caption' id='gallery-1-1387'>\n\t\t\t\tJorge\n\t\t\t\t<\/dd><\/dl><dl class='gallery-item'>\n\t\t\t<dt class='gallery-icon landscape'>\n\t\t\t\t<img loading=\"lazy\" decoding=\"async\" width=\"150\" height=\"150\" src=\"https:\/\/guanabara.org.br\/wp-content\/uploads\/2016\/05\/Jose-Emiliano-Starosky-150x150.jpg\" class=\"attachment-thumbnail size-thumbnail\" alt=\"\" aria-describedby=\"gallery-1-1398\" \/>\n\t\t\t<\/dt>\n\t\t\t\t<dd class='wp-caption-text gallery-caption' id='gallery-1-1398'>\n\t\t\t\tEmiliano\n\t\t\t\t<\/dd><\/dl><dl class='gallery-item'>\n\t\t\t<dt class='gallery-icon landscape'>\n\t\t\t\t<img loading=\"lazy\" decoding=\"async\" width=\"150\" height=\"150\" src=\"https:\/\/guanabara.org.br\/wp-content\/uploads\/2016\/04\/Jose-Ivan-do-Nascimento-de-Azevedo-150x150.jpg\" class=\"attachment-thumbnail size-thumbnail\" alt=\"\" aria-describedby=\"gallery-1-1389\" srcset=\"https:\/\/guanabara.org.br\/wp-content\/uploads\/2016\/04\/Jose-Ivan-do-Nascimento-de-Azevedo-150x150.jpg 150w, https:\/\/guanabara.org.br\/wp-content\/uploads\/2016\/04\/Jose-Ivan-do-Nascimento-de-Azevedo.jpg 210w\" sizes=\"auto, (max-width: 150px) 100vw, 150px\" \/>\n\t\t\t<\/dt>\n\t\t\t\t<dd class='wp-caption-text gallery-caption' id='gallery-1-1389'>\n\t\t\t\tIvan\n\t\t\t\t<\/dd><\/dl><br style=\"clear: both\" \/><dl class='gallery-item'>\n\t\t\t<dt class='gallery-icon landscape'>\n\t\t\t\t<img loading=\"lazy\" decoding=\"async\" width=\"150\" height=\"150\" src=\"https:\/\/guanabara.org.br\/wp-content\/uploads\/2016\/04\/Luiz-Alberto-de-Sousa-Correia-Pinto-150x150.jpg\" class=\"attachment-thumbnail size-thumbnail\" alt=\"\" aria-describedby=\"gallery-1-1390\" srcset=\"https:\/\/guanabara.org.br\/wp-content\/uploads\/2016\/04\/Luiz-Alberto-de-Sousa-Correia-Pinto-150x150.jpg 150w, https:\/\/guanabara.org.br\/wp-content\/uploads\/2016\/04\/Luiz-Alberto-de-Sousa-Correia-Pinto.jpg 210w\" sizes=\"auto, (max-width: 150px) 100vw, 150px\" \/>\n\t\t\t<\/dt>\n\t\t\t\t<dd class='wp-caption-text gallery-caption' id='gallery-1-1390'>\n\t\t\t\tTio Luiz\n\t\t\t\t<\/dd><\/dl><dl class='gallery-item'>\n\t\t\t<dt class='gallery-icon landscape'>\n\t\t\t\t<img loading=\"lazy\" decoding=\"async\" width=\"150\" height=\"150\" src=\"https:\/\/guanabara.org.br\/wp-content\/uploads\/2016\/04\/Manuel-Rosario-Junior-150x150.jpg\" class=\"attachment-thumbnail size-thumbnail\" alt=\"\" aria-describedby=\"gallery-1-1391\" srcset=\"https:\/\/guanabara.org.br\/wp-content\/uploads\/2016\/04\/Manuel-Rosario-Junior-150x150.jpg 150w, https:\/\/guanabara.org.br\/wp-content\/uploads\/2016\/04\/Manuel-Rosario-Junior.jpg 210w\" sizes=\"auto, (max-width: 150px) 100vw, 150px\" \/>\n\t\t\t<\/dt>\n\t\t\t\t<dd class='wp-caption-text gallery-caption' id='gallery-1-1391'>\n\t\t\t\tManu\n\t\t\t\t<\/dd><\/dl><dl class='gallery-item'>\n\t\t\t<dt class='gallery-icon landscape'>\n\t\t\t\t<img loading=\"lazy\" decoding=\"async\" width=\"150\" height=\"150\" src=\"https:\/\/guanabara.org.br\/wp-content\/uploads\/2016\/04\/Paulo-Jorge-Rodrigues-Gaspar-150x150.jpg\" class=\"attachment-thumbnail size-thumbnail\" alt=\"\" aria-describedby=\"gallery-1-1392\" srcset=\"https:\/\/guanabara.org.br\/wp-content\/uploads\/2016\/04\/Paulo-Jorge-Rodrigues-Gaspar-150x150.jpg 150w, https:\/\/guanabara.org.br\/wp-content\/uploads\/2016\/04\/Paulo-Jorge-Rodrigues-Gaspar.jpg 210w\" sizes=\"auto, (max-width: 150px) 100vw, 150px\" \/>\n\t\t\t<\/dt>\n\t\t\t\t<dd class='wp-caption-text gallery-caption' id='gallery-1-1392'>\n\t\t\t\tPJ\n\t\t\t\t<\/dd><\/dl><br style=\"clear: both\" \/><dl class='gallery-item'>\n\t\t\t<dt class='gallery-icon landscape'>\n\t\t\t\t<img loading=\"lazy\" decoding=\"async\" width=\"150\" height=\"150\" src=\"https:\/\/guanabara.org.br\/wp-content\/uploads\/2016\/04\/Ricardo-Penna-150x150.jpg\" class=\"attachment-thumbnail size-thumbnail\" alt=\"\" aria-describedby=\"gallery-1-1393\" srcset=\"https:\/\/guanabara.org.br\/wp-content\/uploads\/2016\/04\/Ricardo-Penna-150x150.jpg 150w, https:\/\/guanabara.org.br\/wp-content\/uploads\/2016\/04\/Ricardo-Penna.jpg 210w\" sizes=\"auto, (max-width: 150px) 100vw, 150px\" \/>\n\t\t\t<\/dt>\n\t\t\t\t<dd class='wp-caption-text gallery-caption' id='gallery-1-1393'>\n\t\t\t\tRicardo\n\t\t\t\t<\/dd><\/dl><dl class='gallery-item'>\n\t\t\t<dt class='gallery-icon landscape'>\n\t\t\t\t<img loading=\"lazy\" decoding=\"async\" width=\"150\" height=\"150\" src=\"https:\/\/guanabara.org.br\/wp-content\/uploads\/2016\/05\/Roberto-Schmidt-de-Almeida-150x150.jpg\" class=\"attachment-thumbnail size-thumbnail\" alt=\"\" aria-describedby=\"gallery-1-1406\" \/>\n\t\t\t<\/dt>\n\t\t\t\t<dd class='wp-caption-text gallery-caption' id='gallery-1-1406'>\n\t\t\t\tSchmidt\n\t\t\t\t<\/dd><\/dl><dl class='gallery-item'>\n\t\t\t<dt class='gallery-icon landscape'>\n\t\t\t\t<img loading=\"lazy\" decoding=\"async\" width=\"150\" height=\"150\" src=\"https:\/\/guanabara.org.br\/wp-content\/uploads\/2016\/04\/Rodrigo-de-Souza-Tavares-150x150.jpg\" class=\"attachment-thumbnail size-thumbnail\" alt=\"\" aria-describedby=\"gallery-1-1395\" srcset=\"https:\/\/guanabara.org.br\/wp-content\/uploads\/2016\/04\/Rodrigo-de-Souza-Tavares-150x150.jpg 150w, https:\/\/guanabara.org.br\/wp-content\/uploads\/2016\/04\/Rodrigo-de-Souza-Tavares.jpg 210w\" sizes=\"auto, (max-width: 150px) 100vw, 150px\" \/>\n\t\t\t<\/dt>\n\t\t\t\t<dd class='wp-caption-text gallery-caption' id='gallery-1-1395'>\n\t\t\t\tRodrigo\n\t\t\t\t<\/dd><\/dl><br style=\"clear: both\" \/><dl class='gallery-item'>\n\t\t\t<dt class='gallery-icon landscape'>\n\t\t\t\t<img loading=\"lazy\" decoding=\"async\" width=\"150\" height=\"150\" src=\"https:\/\/guanabara.org.br\/wp-content\/uploads\/2016\/04\/Seblen-Mantovani-150x150.jpg\" class=\"attachment-thumbnail size-thumbnail\" alt=\"\" aria-describedby=\"gallery-1-1397\" \/>\n\t\t\t<\/dt>\n\t\t\t\t<dd class='wp-caption-text gallery-caption' id='gallery-1-1397'>\n\t\t\t\tSblen\n\t\t\t\t<\/dd><\/dl>\n\t\t\t<br style='clear: both' \/>\n\t\t<\/div>\n\n<p>&nbsp;<\/p>\n","protected":false},"excerpt":{"rendered":"<p>Guias do Centro Excursionista Guanabara Aline Ribeiro de Almeida (Alfacinha; Alfa) &#8211; Guia de Escalada\/Caminhada Carlos Alberto Carvalho Arruzzo (Xuxu) &#8211; Guia de Escalada\/Caminhada Carlos Trindade Ferreira (Trindade) &#8211; Guia de Escalada\/Caminhada Cl\u00e1udio Eduardo Bernardino de Oliveira (Batman) &#8211; Guia de Escalada\/Caminhada Flavio Jose Peixoto (Flavinho) &#8211; Guia de Escalada\/Caminhada Francisco Rabelo Saraiva (Saraiva) &#8211; <a class=\"more-link\" href=\"https:\/\/guanabara.org.br\/index.php\/ceg-2\/corpo-tecnico\/\">Read More &#8230;<\/a><\/p>\n","protected":false},"author":6,"featured_media":0,"parent":2,"menu_order":2,"comment_status":"closed","ping_status":"open","template":"","meta":{"footnotes":""},"class_list":["post-1343","page","type-page","status-publish","hentry"],"_links":{"self":[{"href":"https:\/\/guanabara.org.br\/index.php\/wp-json\/wp\/v2\/pages\/1343","targetHints":{"allow":["GET"]}}],"collection":[{"href":"https:\/\/guanabara.org.br\/index.php\/wp-json\/wp\/v2\/pages"}],"about":[{"href":"https:\/\/guanabara.org.br\/index.php\/wp-json\/wp\/v2\/types\/page"}],"author":[{"embeddable":true,"href":"https:\/\/guanabara.org.br\/index.php\/wp-json\/wp\/v2\/users\/6"}],"replies":[{"embeddable":true,"href":"https:\/\/guanabara.org.br\/index.php\/wp-json\/wp\/v2\/comments?post=1343"}],"version-history":[{"count":11,"href":"https:\/\/guanabara.org.br\/index.php\/wp-json\/wp\/v2\/pages\/1343\/revisions"}],"predecessor-version":[{"id":2506,"href":"https:\/\/guanabara.org.br\/index.php\/wp-json\/wp\/v2\/pages\/1343\/revisions\/2506"}],"up":[{"embeddable":true,"href":"https:\/\/guanabara.org.br\/index.php\/wp-json\/wp\/v2\/pages\/2"}],"wp:attachment":[{"href":"https:\/\/guanabara.org.br\/index.php\/wp-json\/wp\/v2\/media?parent=1343"}],"curies":[{"name":"wp","href":"https:\/\/api.w.org\/{rel}","templated":true}]}}