{"id":2023,"date":"2019-06-07T18:24:24","date_gmt":"2019-06-07T21:24:24","guid":{"rendered":"http:\/\/guanabara.org.br\/?page_id=2023"},"modified":"2019-06-07T19:18:44","modified_gmt":"2019-06-07T22:18:44","slug":"maracangalha","status":"publish","type":"page","link":"https:\/\/guanabara.org.br\/index.php\/maracangalha\/","title":{"rendered":"Maracangalha"},"content":{"rendered":"\n<p>Carnaval, segundo o dicion\u00e1rio \u201co per\u00edodo de tr\u00eas dias anteriores \u00e0 Quarta-Feira de Cinzas dedicado a festejos, bailes, desfiles e folguedos populares (no passado, equivalia ao entrudo )\u201d. Para muitos, momento de planejar qual bloco ir\u00e3o, hor\u00e1rios, organizando uma log\u00edstica bisonha capaz de incluir v\u00e1rios no mesmo dia. Muita energia e disposi\u00e7\u00e3o para aproveitar o feriad\u00e3o. Mas para outros, os blocos tamb\u00e9m n\u00e3o saem da cabe\u00e7a, mas na verdade s\u00e3o constitu\u00eddos de outras mat\u00e9rias bem s\u00f3lidas, pelo menos \u00e9 o que esperamos! Escolhemos s\u00f3 se ser\u00e3o de arenito, calc\u00e1rio, granito, basalto e por a\u00ed vai.<\/p>\n\n\n\n<p>Neste carnaval, escolhemos blocos de Granito, mas as \u00e1guas de mar\u00e7o n\u00e3o nos deixaram escalar os maiores e desejados. Ent\u00e3o, resolvemos mudar o foco para bloquinhos, n\u00e3o t\u00e3o enormes e impactantes como os Tr\u00eas Picos e o Capacete, mas com novas rotas acompanhadas de muita emo\u00e7\u00e3o e parceria. Eu nunca tinha presenciado uma conquista e tive a oportunidade de viver essa experi\u00eancia em um carnaval chuvoso. Foram duas vias bem legais e que se tornaram projetos para mim, cada uma por um motivo.<\/p>\n\n\n\n<p>A primeira via foi conquistada de cima para baixo, a\u00ed voc\u00ea pergunta, \u201cComo assim?\u201d Ent\u00e3o, o Marquinhos, montou a ancoragem final da via e passamos um dia livrando os lances e marcando quais os pontos para ap\u00f3s terminarmos esse processo, incluirmos as chapas e que estas ficassem posicionadas de uma maneira boa para costurarmos. Achei incr\u00edvel essa experi\u00eancia de pensarmos em quem vai guiar a via &nbsp;na hora de uma conquista. Isso j\u00e1 me deixou super animada, saber que os conquistadores fazem isso eu j\u00e1 sabia, mas viver essa experi\u00e8ncia \u00e9 muito legal.  Essa foi a \u201cvida cigana\u201d, via conquistada na Fal\u00e9sia Medieval, Vale da Mariana, Tr\u00eas Picos, e acreditamos que seja um 6+ \/ 7a. <\/p>\n\n\n\n<p>Como esse s\u00e1bado de carnaval foi t\u00e3o animado e motivante para mim, aceitei o convite do marquinhos de tentarmos conquistar outra Via, mas que seria mais longa. No mesmo dia em que eu passei o dia na Fal\u00e9sia, o Boris, Nilson e Ricardo fizeram uma investida muito bem sucedida a uma parede no mesmo Vale, por\u00e9m em um ponto mais alto. Ent\u00e3o, na segunda de carnaval, resolvemos buscar uma linha para come\u00e7armos a nossa investida. <\/p>\n\n\n\n<p>Boris foi com o Ricardo e iniciaram a conquista deles, j\u00e1 eu e Marquinho escolhemos um ponto mais a direita para iniciarmos a nossa. Foram 2 dias de investidas para concluirmos uma via, &nbsp;como dito pelo Marquinhos, term\u00f4metro de escalada. Uma via E2, conquistada com chapeletas Pingo, mais ou menos 60 metros de via, gradua\u00e7\u00e3o iniciando em um 4 grau e finalizando em um poss\u00edvel 7c, ainda n\u00e3o repetida, ent\u00e3o n\u00e3o temos a confirma\u00e7\u00e3o do grau. S\u00f3 sei que se tornou uma meta guiar e um bom term\u00f4metro. Nomeamos a nossa via de Maracangalha em homenagem ao nosso clima animado de carnaval. <\/p>\n\n\n\n<p>N\u00e3o satisfeita, voltei com o Boris para tentarmos conquistar mais um pouquinho da via que ele e Ricardo come\u00e7aram. Fiz o meu primeiro furo S2 e ainda cai com a furadeira na m\u00e3o, essa segunda parte n\u00e3o foi a mais legal, mas est\u00e1 valendo, faz parte do jogo. Nossa fiel companheira esteve presente em todos os momentos das nossas conquistas e ainda deu dicas com seus latidos, nem sempre bem interpretados, mas que valeram. Esta terceira via ainda \u00e9 um projeto pois n\u00e3o finalizamos, mas j\u00e1 j\u00e1 teremos mais uma nesse cantinho especial do Vale da Mariana.<br \/><\/p>\n","protected":false},"excerpt":{"rendered":"<p>Carnaval, segundo o dicion\u00e1rio \u201co per\u00edodo de tr\u00eas dias anteriores \u00e0 Quarta-Feira de Cinzas dedicado a festejos, bailes, desfiles e folguedos populares (no passado, equivalia ao entrudo )\u201d. Para muitos, momento de planejar qual bloco ir\u00e3o, hor\u00e1rios, organizando uma log\u00edstica bisonha capaz de incluir v\u00e1rios no mesmo dia. Muita energia e disposi\u00e7\u00e3o para aproveitar o <a class=\"more-link\" href=\"https:\/\/guanabara.org.br\/index.php\/maracangalha\/\">Read More &#8230;<\/a><\/p>\n","protected":false},"author":11,"featured_media":2034,"parent":0,"menu_order":0,"comment_status":"closed","ping_status":"closed","template":"","meta":{"footnotes":""},"class_list":["post-2023","page","type-page","status-publish","has-post-thumbnail","hentry"],"_links":{"self":[{"href":"https:\/\/guanabara.org.br\/index.php\/wp-json\/wp\/v2\/pages\/2023","targetHints":{"allow":["GET"]}}],"collection":[{"href":"https:\/\/guanabara.org.br\/index.php\/wp-json\/wp\/v2\/pages"}],"about":[{"href":"https:\/\/guanabara.org.br\/index.php\/wp-json\/wp\/v2\/types\/page"}],"author":[{"embeddable":true,"href":"https:\/\/guanabara.org.br\/index.php\/wp-json\/wp\/v2\/users\/11"}],"replies":[{"embeddable":true,"href":"https:\/\/guanabara.org.br\/index.php\/wp-json\/wp\/v2\/comments?post=2023"}],"version-history":[{"count":1,"href":"https:\/\/guanabara.org.br\/index.php\/wp-json\/wp\/v2\/pages\/2023\/revisions"}],"predecessor-version":[{"id":2024,"href":"https:\/\/guanabara.org.br\/index.php\/wp-json\/wp\/v2\/pages\/2023\/revisions\/2024"}],"wp:featuredmedia":[{"embeddable":true,"href":"https:\/\/guanabara.org.br\/index.php\/wp-json\/wp\/v2\/media\/2034"}],"wp:attachment":[{"href":"https:\/\/guanabara.org.br\/index.php\/wp-json\/wp\/v2\/media?parent=2023"}],"curies":[{"name":"wp","href":"https:\/\/api.w.org\/{rel}","templated":true}]}}