{"id":2046,"date":"2019-06-24T11:06:45","date_gmt":"2019-06-24T14:06:45","guid":{"rendered":"http:\/\/guanabara.org.br\/?page_id=2046"},"modified":"2025-01-29T22:45:55","modified_gmt":"2025-01-30T01:45:55","slug":"associe-se","status":"publish","type":"page","link":"https:\/\/guanabara.org.br\/index.php\/associe-se\/","title":{"rendered":"Associe-se"},"content":{"rendered":"\n<h3 class=\"wp-block-heading\"><strong>Fa\u00e7a parte de nosso clube!<\/strong><\/h3>\n\n\n\n<p>Para se associar ao CEG voc\u00ea deve comparecer \u00e0 nossa sede durante uma de nossas reuni\u00f5es sociais e pagar a taxa de matr\u00edcula e mensalidade. Temos tamb\u00e9m planos semestrais e anuais. <\/p>\n\n\n\n<figure class=\"wp-block-image\"><img loading=\"lazy\" decoding=\"async\" width=\"797\" height=\"465\" src=\"http:\/\/guanabara.org.br\/wp-content\/uploads\/2019\/07\/Valor_Mensalidades.jpg\" alt=\"\" class=\"wp-image-2116\" srcset=\"https:\/\/guanabara.org.br\/wp-content\/uploads\/2019\/07\/Valor_Mensalidades.jpg 797w, https:\/\/guanabara.org.br\/wp-content\/uploads\/2019\/07\/Valor_Mensalidades-300x175.jpg 300w, https:\/\/guanabara.org.br\/wp-content\/uploads\/2019\/07\/Valor_Mensalidades-768x448.jpg 768w\" sizes=\"auto, (max-width: 797px) 100vw, 797px\" \/><\/figure>\n\n\n\n<p>Como associado, voc\u00ea pode participar de quantas excurs\u00f5es desejar, desde que tenha as condi\u00e7\u00f5es f\u00edsicas e t\u00e9cnicas necess\u00e1rias.<\/p>\n\n\n\n<p>Caso voc\u00ea n\u00e3o seja associado e deseje participar de nossas excurs\u00f5es, voc\u00ea dever\u00e1 pagar uma taxa equivalente a uma mensalidade para cada excurs\u00e3o que desejar realizar. <\/p>\n\n\n\n<p>Lembre-se: a sede do Clube abre \u00e0s\u00a0<strong>quintas-feiras a partir das 19 horas<\/strong>. Se voc\u00ea desejar conhecer melhor o CEG, compare\u00e7a a uma de nossas reuni\u00f5es ou entre em contato.<\/p>\n\n\n\n<p><strong>Endere\u00e7o:<\/strong>&nbsp;Rua Washington Lu\u00eds, 9 Cobertura \u2013 Lapa\u2013 RJ \u2013  20230-900 <br \/><strong>e-mail:<\/strong>&nbsp;ceguanabara@gmail.com<\/p>\n","protected":false},"excerpt":{"rendered":"<p>Fa\u00e7a parte de nosso clube! Para se associar ao CEG voc\u00ea deve comparecer \u00e0 nossa sede durante uma de nossas reuni\u00f5es sociais e pagar a taxa de matr\u00edcula e mensalidade. Temos tamb\u00e9m planos semestrais e anuais. Como associado, voc\u00ea pode participar de quantas excurs\u00f5es desejar, desde que tenha as condi\u00e7\u00f5es f\u00edsicas e t\u00e9cnicas necess\u00e1rias. Caso <a class=\"more-link\" href=\"https:\/\/guanabara.org.br\/index.php\/associe-se\/\">Read More &#8230;<\/a><\/p>\n","protected":false},"author":11,"featured_media":0,"parent":0,"menu_order":0,"comment_status":"closed","ping_status":"closed","template":"","meta":{"footnotes":""},"class_list":["post-2046","page","type-page","status-publish","hentry"],"_links":{"self":[{"href":"https:\/\/guanabara.org.br\/index.php\/wp-json\/wp\/v2\/pages\/2046","targetHints":{"allow":["GET"]}}],"collection":[{"href":"https:\/\/guanabara.org.br\/index.php\/wp-json\/wp\/v2\/pages"}],"about":[{"href":"https:\/\/guanabara.org.br\/index.php\/wp-json\/wp\/v2\/types\/page"}],"author":[{"embeddable":true,"href":"https:\/\/guanabara.org.br\/index.php\/wp-json\/wp\/v2\/users\/11"}],"replies":[{"embeddable":true,"href":"https:\/\/guanabara.org.br\/index.php\/wp-json\/wp\/v2\/comments?post=2046"}],"version-history":[{"count":5,"href":"https:\/\/guanabara.org.br\/index.php\/wp-json\/wp\/v2\/pages\/2046\/revisions"}],"predecessor-version":[{"id":2696,"href":"https:\/\/guanabara.org.br\/index.php\/wp-json\/wp\/v2\/pages\/2046\/revisions\/2696"}],"wp:attachment":[{"href":"https:\/\/guanabara.org.br\/index.php\/wp-json\/wp\/v2\/media?parent=2046"}],"curies":[{"name":"wp","href":"https:\/\/api.w.org\/{rel}","templated":true}]}}