{"id":621,"date":"2012-12-19T00:17:28","date_gmt":"2012-12-19T00:17:28","guid":{"rendered":"http:\/\/guanabara.org.br\/?page_id=621"},"modified":"2016-04-22T19:27:29","modified_gmt":"2016-04-22T22:27:29","slug":"621-2","status":"publish","type":"page","link":"https:\/\/guanabara.org.br\/index.php\/ceg-2\/621-2\/","title":{"rendered":"Hist\u00f3ria"},"content":{"rendered":"<p style=\"text-align: center;\"><a href=\"http:\/\/guanabara.org.br\/wp-content\/uploads\/2012\/12\/image.jpg\"><img loading=\"lazy\" decoding=\"async\" class=\"aligncenter size-full wp-image-622\" title=\"image\" src=\"http:\/\/guanabara.org.br\/wp-content\/uploads\/2012\/12\/image.jpg\" alt=\"\" width=\"300\" height=\"220\" srcset=\"https:\/\/guanabara.org.br\/wp-content\/uploads\/2012\/12\/image.jpg 300w, https:\/\/guanabara.org.br\/wp-content\/uploads\/2012\/12\/image-210x154.jpg 210w\" sizes=\"auto, (max-width: 300px) 100vw, 300px\" \/><\/a>1\u00aa Excurs\u00e3o do CEG (ainda com o nome de Grupo Excursionista Jil\u00f3)<br \/>\nParque Nacional de Itatiaia \u2013 Abrigo dos Escoteiros<br \/>\n07 a 11 de fevereiro de 1959<\/p>\n<p style=\"text-align: justify;\">A semente do que viria a ser o CEG surgiu por ocasi\u00e3o de em passeio ao Parque Nacional de Itatiaia, realizado no per\u00edodo de 3 a 5 de outubro de 1958, com 10 pessoas.<br \/>\nNo Carnaval de 1959, no per\u00edodo de 7 a 11 de Fevereiro, este mesmo grupo, agora com 35 pessoas, voltou a Itatiaia, ficando no antigo Abrigo dos Escoteiros. Ao regressarem desse passeio, resolveram marcar uma reuni\u00e3o para o s\u00e1bado seguinte, dia 14 de Fevereiro de 1959, na rua Jer\u00f4nimo de Lemos, no. 112, sobrado, no Graja\u00fa, resid\u00eancia do casal Dalva e Oswaldo Ribeiro, quando seria lido o relat\u00f3rio do passeio e fundado um clube, com elei\u00e7\u00e3o de uma diretoria. O resultado da elei\u00e7\u00e3o foi o seguinte: presidente: Manuel Armando Rodrigues da Costa; Tesoureiro: Oswaldo Jos\u00e9 Ribeiro; Secret\u00e1ria: Suely da Silva Ribeiro. Foi tamb\u00e9m dado, provisoriamente, o nome de Grupo Excursionista Jil\u00f3, \u00e0 nova agremia\u00e7\u00e3o.<br \/>\nNesse dia, foi fixada a primeira mensalidade do clube de 20 cruzeiros, e, no decorrer da semana, foi marcado o primeiro passeio, para o dia 22 seguinte, ao Pico do Papagaio, sendo guia Milden R. de Santa Rosa.<br \/>\nEm 25\/10\/59, houve uma Assembl\u00e9ia Geral para a escolha do nome definitivo do clube, tendo, entre muitas, sido escolhida a sugest\u00e3o de Centro Excursionista Guanabara.<br \/>\nEm 7 de Agosto de 1960, houve outra Assembl\u00e9ia Geral para escolha dos s\u00edmbolos do CEG e aprova\u00e7\u00e3o de um estatuto, este elaborado de acordo com anteprojeto de Fernando Fernandes O. Cunha. Os s\u00edmbolos foram escolhidos por uma comiss\u00e3o designada por esta AG. Deste ent\u00e3o, o P\u00e3o de A\u00e7\u00facar passou a ser o s\u00edmbolo do CEG e o seu lema \u00e9: \u201cA Natureza \u00c9 O Nosso Guia\u201d.<br \/>\nDurante toda a d\u00e9cada de 60, o CEG passou por diversas sedes provis\u00f3rias, fazendo sua reuni\u00f5es nas casas dos s\u00f3cios. Em 1970, com o esfor\u00e7o de diversos associados, se instalou definitivamente em sua sede pr\u00f3pria \u00e0 rua Washington Luiz, no. 9 \u2013 cobertura. Desde ent\u00e3o, esta sede passou por diversas reformas, sempre sendo realizadas pelos pr\u00f3prios s\u00f3cios do clube. Outra aquisi\u00e7\u00e3o importante do CEG foi sua linha telef\u00f4nica, que foi instalada em 1992, depois de tr\u00eas anos de campanha para arrecada\u00e7\u00e3o de fundos e espera da Telerj.<br \/>\nDurante todos esses anos, muitos guias, s\u00f3cios e amigos do CEG fizeram dezenas de conquistas em nome do clube, que enriqueceram o patrim\u00f4nio comum de toda a comunidade montanhista. Al\u00e9m disso, o CEG participou ativamente de diversas a\u00e7\u00f5es de cunho ecol\u00f3gico, mantendo postura firme em defesa do meio ambiente. Tamb\u00e9m no lado social, o CEG sempre foi muito ativo, realizando inesquec\u00edveis festas como os Festivais de Chopp, Noites Tropicais, Festas Juninas, Festas da Primavera, Noite das Bruxas, etc. Foi o CEG tamb\u00e9m o respons\u00e1vel pelo grande evento anual de confraterniza\u00e7\u00e3o de montanhistas do Rio e de todo o Brasil: em 1987, o CEG idealizou e organizou a Primeira Abertura de Temporada de Montanhismo. A partir dos anos seguintes, diversos clubes junto com CEG passaram a organizar o evento, a cada in\u00edcio do Outono.<br \/>\nPor tr\u00e1s de todas essas grandes realiza\u00e7\u00f5es, encontra-se a dedica\u00e7\u00e3o, esfor\u00e7o e sacrif\u00edcio pessoal de seus autores, incluindo desde os fundadores at\u00e9 a atual diretoria e corpo de guias. \u00c9 por causa desses grandes realizadores que o CEG pode comemorar, com muita alegria, os seus mais de 40 anos de exist\u00eancia.<br \/>\nCarlos Trindade \u2013 Ex-presidente do CEG<br \/>\n\u201cA Natureza \u00e9 o Nosso Guia\u201d<\/p>\n","protected":false},"excerpt":{"rendered":"<p>1\u00aa Excurs\u00e3o do CEG (ainda com o nome de Grupo Excursionista Jil\u00f3) Parque Nacional de Itatiaia \u2013 Abrigo dos Escoteiros 07 a 11 de fevereiro de 1959 A semente do que viria a ser o CEG surgiu por ocasi\u00e3o de em passeio ao Parque Nacional de Itatiaia, realizado no per\u00edodo de 3 a 5 de <a class=\"more-link\" href=\"https:\/\/guanabara.org.br\/index.php\/ceg-2\/621-2\/\">Read More &#8230;<\/a><\/p>\n","protected":false},"author":6,"featured_media":0,"parent":2,"menu_order":2,"comment_status":"closed","ping_status":"open","template":"","meta":{"footnotes":""},"class_list":["post-621","page","type-page","status-publish","hentry"],"_links":{"self":[{"href":"https:\/\/guanabara.org.br\/index.php\/wp-json\/wp\/v2\/pages\/621","targetHints":{"allow":["GET"]}}],"collection":[{"href":"https:\/\/guanabara.org.br\/index.php\/wp-json\/wp\/v2\/pages"}],"about":[{"href":"https:\/\/guanabara.org.br\/index.php\/wp-json\/wp\/v2\/types\/page"}],"author":[{"embeddable":true,"href":"https:\/\/guanabara.org.br\/index.php\/wp-json\/wp\/v2\/users\/6"}],"replies":[{"embeddable":true,"href":"https:\/\/guanabara.org.br\/index.php\/wp-json\/wp\/v2\/comments?post=621"}],"version-history":[{"count":3,"href":"https:\/\/guanabara.org.br\/index.php\/wp-json\/wp\/v2\/pages\/621\/revisions"}],"predecessor-version":[{"id":1346,"href":"https:\/\/guanabara.org.br\/index.php\/wp-json\/wp\/v2\/pages\/621\/revisions\/1346"}],"up":[{"embeddable":true,"href":"https:\/\/guanabara.org.br\/index.php\/wp-json\/wp\/v2\/pages\/2"}],"wp:attachment":[{"href":"https:\/\/guanabara.org.br\/index.php\/wp-json\/wp\/v2\/media?parent=621"}],"curies":[{"name":"wp","href":"https:\/\/api.w.org\/{rel}","templated":true}]}}