{"id":630,"date":"2012-12-19T00:29:24","date_gmt":"2012-12-19T00:29:24","guid":{"rendered":"http:\/\/guanabara.org.br\/?page_id=630"},"modified":"2020-04-26T12:01:15","modified_gmt":"2020-04-26T15:01:15","slug":"pranchetas","status":"publish","type":"page","link":"https:\/\/guanabara.org.br\/index.php\/pranchetas\/","title":{"rendered":"Pranchetas"},"content":{"rendered":"<p>Excurs\u00f5es para s\u00f3cios e convidados de s\u00f3cios. Cientes do&nbsp;<a href=\"http:\/\/guanabara.org.br\/wp-content\/uploads\/2012\/12\/termo_de_risco_montanhismo_ceg.pdf\" target=\"_blank\" rel=\"noopener noreferrer\">Termo de Risco<\/a>.<\/p>\n<p>&nbsp;<\/p>\n<ul>\n<li style=\"list-style-type: none;\">&nbsp;<\/li>\n<\/ul>\n\n\n<p><\/p>\n","protected":false},"excerpt":{"rendered":"<p>Excurs\u00f5es para s\u00f3cios e convidados de s\u00f3cios. Cientes do&nbsp;Termo de Risco. &nbsp; &nbsp;<\/p>\n","protected":false},"author":6,"featured_media":0,"parent":0,"menu_order":0,"comment_status":"closed","ping_status":"open","template":"","meta":{"footnotes":""},"class_list":["post-630","page","type-page","status-publish","hentry"],"_links":{"self":[{"href":"https:\/\/guanabara.org.br\/index.php\/wp-json\/wp\/v2\/pages\/630","targetHints":{"allow":["GET"]}}],"collection":[{"href":"https:\/\/guanabara.org.br\/index.php\/wp-json\/wp\/v2\/pages"}],"about":[{"href":"https:\/\/guanabara.org.br\/index.php\/wp-json\/wp\/v2\/types\/page"}],"author":[{"embeddable":true,"href":"https:\/\/guanabara.org.br\/index.php\/wp-json\/wp\/v2\/users\/6"}],"replies":[{"embeddable":true,"href":"https:\/\/guanabara.org.br\/index.php\/wp-json\/wp\/v2\/comments?post=630"}],"version-history":[{"count":33,"href":"https:\/\/guanabara.org.br\/index.php\/wp-json\/wp\/v2\/pages\/630\/revisions"}],"predecessor-version":[{"id":2495,"href":"https:\/\/guanabara.org.br\/index.php\/wp-json\/wp\/v2\/pages\/630\/revisions\/2495"}],"wp:attachment":[{"href":"https:\/\/guanabara.org.br\/index.php\/wp-json\/wp\/v2\/media?parent=630"}],"curies":[{"name":"wp","href":"https:\/\/api.w.org\/{rel}","templated":true}]}}