{"id":647,"date":"2012-12-19T08:43:38","date_gmt":"2012-12-19T08:43:38","guid":{"rendered":"http:\/\/guanabara.org.br\/?page_id=647"},"modified":"2021-02-01T21:19:20","modified_gmt":"2021-02-02T00:19:20","slug":"estatuto","status":"publish","type":"page","link":"https:\/\/guanabara.org.br\/index.php\/ceg-2\/estatuto\/","title":{"rendered":"Estatuto"},"content":{"rendered":"<p>O Atual Estatuto do Centro Escursionista Guanabara foi aprovado em Assembl\u00e9ia Geral Extraordin\u00e1ria realizada em 08 de maio de 2003. Junto em ele est\u00e1 o Manual de Identifica\u00e7\u00e3o da marca CEG que complementa o Estatuto. Os dois documentos est\u00e3o dispon\u00edveis para download aqui.<\/p>\n<p><a href=\"http:\/\/www.guanabara.org.br\/estatuto\/Estatuto aprovada em assemble\u0123ia 29 out2020[46645].pdf\" target=\"_blank\" rel=\"noopener noreferrer\" data-wplink-url-error=\"true\">Estatuto<\/a><\/p>\n<p><a href=\"http:\/\/www.guanabara.org.br\/estatuto\/Manual_marca_CEG.zip\">Manual de Normatiza\u00e7\u00e3o da Marca<\/a><\/p>\n<p><a href=\"http:\/\/guanabara.org.br\/wp-content\/uploads\/2019\/03\/Logo_Guanabara.zip\">Logomarca em Corel Draw 11<\/a><\/p>\n","protected":false},"excerpt":{"rendered":"<p>O Atual Estatuto do Centro Escursionista Guanabara foi aprovado em Assembl\u00e9ia Geral Extraordin\u00e1ria realizada em 08 de maio de 2003. Junto em ele est\u00e1 o Manual de Identifica\u00e7\u00e3o da marca CEG que complementa o Estatuto. Os dois documentos est\u00e3o dispon\u00edveis para download aqui. Estatuto Manual de Normatiza\u00e7\u00e3o da Marca Logomarca em Corel Draw 11<\/p>\n","protected":false},"author":6,"featured_media":0,"parent":2,"menu_order":1,"comment_status":"closed","ping_status":"open","template":"","meta":{"footnotes":""},"class_list":["post-647","page","type-page","status-publish","hentry"],"_links":{"self":[{"href":"https:\/\/guanabara.org.br\/index.php\/wp-json\/wp\/v2\/pages\/647","targetHints":{"allow":["GET"]}}],"collection":[{"href":"https:\/\/guanabara.org.br\/index.php\/wp-json\/wp\/v2\/pages"}],"about":[{"href":"https:\/\/guanabara.org.br\/index.php\/wp-json\/wp\/v2\/types\/page"}],"author":[{"embeddable":true,"href":"https:\/\/guanabara.org.br\/index.php\/wp-json\/wp\/v2\/users\/6"}],"replies":[{"embeddable":true,"href":"https:\/\/guanabara.org.br\/index.php\/wp-json\/wp\/v2\/comments?post=647"}],"version-history":[{"count":13,"href":"https:\/\/guanabara.org.br\/index.php\/wp-json\/wp\/v2\/pages\/647\/revisions"}],"predecessor-version":[{"id":2507,"href":"https:\/\/guanabara.org.br\/index.php\/wp-json\/wp\/v2\/pages\/647\/revisions\/2507"}],"up":[{"embeddable":true,"href":"https:\/\/guanabara.org.br\/index.php\/wp-json\/wp\/v2\/pages\/2"}],"wp:attachment":[{"href":"https:\/\/guanabara.org.br\/index.php\/wp-json\/wp\/v2\/media?parent=647"}],"curies":[{"name":"wp","href":"https:\/\/api.w.org\/{rel}","templated":true}]}}