{"id":662,"date":"2012-12-19T06:44:07","date_gmt":"2012-12-19T09:44:07","guid":{"rendered":"http:\/\/guanabara.org.br\/?page_id=662"},"modified":"2016-01-25T10:11:55","modified_gmt":"2016-01-25T13:11:55","slug":"bloco","status":"publish","type":"page","link":"https:\/\/guanabara.org.br\/index.php\/bloco\/","title":{"rendered":"M\u00fasicas"},"content":{"rendered":"<p>Ou\u00e7a o samba enredo do bloco S\u00f3 o Cume Interessa para o Carnaval 2008<\/p>\n<p style=\"text-align: center;\"><a href=\"http:\/\/www.guanabara.org.br\/musicas\/So_Cume_Interessa.mp3\"><strong>S\u00f3 o Cume Interessa<\/strong><\/a><br \/>(Composi\u00e7\u00e3o Rodolfo Campos)<br \/><a href=\"http:\/\/www.guanabara.org.br\/musicas\/So_Cume_Interessa.mp3\"><img loading=\"lazy\" decoding=\"async\" class=\"size-full wp-image-796 aligncenter\" alt=\"image\" src=\"http:\/\/guanabara.org.br\/wp-content\/uploads\/2012\/12\/image15.jpg\" width=\"99\" height=\"36\" \/><\/a><\/p>\n<p>Nesse Carnaval eu quero escalar<\/p>\n<p>N\u00e3o tem nada que me impe\u00e7a<\/p>\n<p>N\u00e3o vou dizer que n\u00e3o gosto de beijar<\/p>\n<p>Mas s\u00f3 o cume interessa<\/p>\n<p>No cume eu encontro alegria<\/p>\n<p>No cume eu encontro emo\u00e7\u00e3o<\/p>\n<p>\u00c9 l\u00e1 que est\u00e1 o bom da vida<\/p>\n<p>De l\u00e1 eu n\u00e3o vou sair mais n\u00e3o<\/p>\n<p>J\u00e1 levei muito tombo<\/p>\n<p>J\u00e1 ralei \u00e0 be\u00e7a<\/p>\n<p>Neste Carnaval<\/p>\n<p>S\u00f3 o cume interessa<\/p>\n<p>Chegar no cume n\u00e3o \u00e9 f\u00e1cil<\/p>\n<p>\u00c1s vezes \u00e9 pura rala\u00e7\u00e3o<\/p>\n<p>Hoje n\u00e3o importa como eu chego<\/p>\n<p>Eu quero \u00e9 sentir a emo\u00e7\u00e3o<\/p>\n<p>Posso cair de paraquedas<\/p>\n<p>Catapulta, canh\u00e3o ou avi\u00e3o<\/p>\n<p>Se s\u00f3 o cume interessa<\/p>\n<p>Vou mer dar bem nesse ver\u00e3o<\/p>\n<p>As m\u00fasicas abaixo dispon\u00edveis eram cantadas por s\u00f3cios do CEG, nos primeiros anos de sua exist\u00eancia. Compostas no final dos anos 50, in\u00edcio dos anos 60, seus autores s\u00e3o: Maur\u00edcio Alves de Castilho (MAC) ou Fernando Rocha Palmeiro (FP). Foram gravadas em 21 de agosto de 1982 nas vozes de Maur\u00edcio e Suelly da Silva Ribeiro, diretamente em gravador mono, sem recursos t\u00e9cnicos e sem acompanhamento instrumental. Valem, por\u00e9m, como registro hist\u00f3rico. Para ouvi-las, clique no nome da m\u00fasica.<\/p>\n<p><a href=\"http:\/\/www.guanabara.org.br\/musicas\/01_Apresentacao.mp3\">01 &#8211; <strong>Apresenta\u00e7\u00e3o<\/strong><\/a><\/p>\n<p><a href=\"http:\/\/www.guanabara.org.br\/musicas\/02_Suelly_Bronquinha.mp3\">02 &#8211; <strong>Suelly Bronquinha<\/strong><\/a><\/p>\n<p>Suelly, Suelly, mais animada que voc\u00ea eu nunca vi<\/p>\n<p>Suelly, Suelly, tagarelice \u00e9 assunto para ti<\/p>\n<p>E tem ainda mais uma coisa<\/p>\n<p>Em que voc\u00ea \u00e9 mesmo a tal:<\/p>\n<p>\u00c9 na bronquinha, \u00f4 Luluzinha,<\/p>\n<p>Em que voc\u00ea \u00e9 a maioral.<\/p>\n<p><a href=\"http:\/\/www.guanabara.org.br\/musicas\/03_Bolha_Dengosa.mp3\">03 &#8211; <strong>Bolha Dengosa<\/strong><\/a><\/p>\n<p>Ivete Cor-de-Rosa, tu deixas de ser prosa<\/p>\n<p>Se perdes essa festa,<\/p>\n<p>A turma l\u00e1 do clube vai te chamar de dengosa<\/p>\n<p>Ivete Cor-de-Rosa, se perde uma escalada<\/p>\n<p>Fica contrariada e protesta<\/p>\n<p>Agora ela tem que se virar<\/p>\n<p>Porqu\u00ea se ela n\u00e3o for, vai virar bolha-de-festa<\/p>\n<p><a href=\"http:\/\/www.guanabara.org.br\/musicas\/04_O%20Nossa_Guanabara.mp3\">04 &#8211;<strong> O Nossa Guanabara<\/strong><\/a><\/p>\n<p>Com o Guanabara nenhum clube se compara<\/p>\n<p>\u00c9 o centro excursionista<\/p>\n<p>A cujo encanto n\u00e3o h\u00e1 mesmo quem resista.<\/p>\n<p>L\u00e1 dentro tem de tudo:<\/p>\n<p>Tem coisa s\u00e9ria e tamb\u00e9m tem brincadeira<\/p>\n<p>O nosso Guanabara<\/p>\n<p>\u00c9 o melhor clube da terra brasileira!<\/p>\n<p><a href=\"http:\/\/www.guanabara.org.br\/musicas\/05_Lingua_de_Sogra.mp3\">05 &#8211; <strong>L\u00edngua de Sogra<\/strong><\/a><\/p>\n<p>O nosso Guanabara<\/p>\n<p>Tem tanto boy\u2019s club\u201d que n\u00e3o para<\/p>\n<p>E agora o que est\u00e1 muito na moda<\/p>\n<p>\u00c9 o tal L\u00edngua de Sogra, \u00e9 o tal L\u00edngua de Sogra!<\/p>\n<p>Falam, falam, falam deles<\/p>\n<p>Falam, falam, falam delas<\/p>\n<p>Botam a tesoura pra espica\u00e7ar<\/p>\n<p>E pro clube funcionar.<\/p>\n<p><a>06 &#8211; <strong>A Turma do Deixa-Disso <\/strong><\/a><\/p>\n<p>N\u00f3s somos a turma do \u201cdeixa-disso\u201d<\/p>\n<p>Ficamos quase sempre pra tr\u00e1s<\/p>\n<p>Se o neg\u00f3cio escurecer e algu\u00e9m aparecer<\/p>\n<p>Grita logo: deixa disso!<\/p>\n<p>Por\u00e9m se uma dona distinta<\/p>\n<p>Ficar pra tr\u00e1s e der o azar<\/p>\n<p>Com algu\u00e9m que n\u00e3o tenha nada a ver com isso<\/p>\n<p>A turma grita logo: n\u00e3o te esconde, deixa disso!<\/p>\n<p><a href=\"http:\/\/www.guanabara.org.br\/musicas\/07_Adeus_ao_Jilo.mp3\">07 \u2013 <strong>Adeus Jil\u00f3 (MAC)<\/strong><\/a><\/p>\n<p>Ele nasceu, em nossa alma viveu<\/p>\n<p>E agora morreu, morreu mas sua chama<\/p>\n<p>Que nos inflama permaneceu.<\/p>\n<p>Nossa devo\u00e7\u00e3o ao seu nome, ent\u00e3o<\/p>\n<p>Jamais ir\u00e1 nos faltar, iremos sempre cantar<\/p>\n<p>\u00c0quele que nos veio associar<\/p>\n<p><a href=\"http:\/\/www.guanabara.org.br\/musicas\/08_Marcha_do_Frederico.mp3\">08 \u2013 <strong>Marcha do Frederico (FP)<\/strong><\/a><\/p>\n<p>O Frederico deu ordem pra turma do Graja\u00fa (u-u)<\/p>\n<p>A ordem foi boa e foi essa: hoje todo o mundo nu!<\/p>\n<p>Com o calor que est\u00e1 fazendo<\/p>\n<p>\u00c9 melhor andar sem roupa<\/p>\n<p>E eu \u201ct\u00f4 dando sopa\u201d<\/p>\n<p>Se o Frederico quiser,<\/p>\n<p>Eu saio at\u00e9 de tanga chupando picol\u00e9!<\/p>\n<p><a href=\"http:\/\/www.guanabara.org.br\/musicas\/09_Marchinha_do_Italiano.mp3\">09 &#8211; <strong>Marchinha do Italiano<\/strong><\/a><\/p>\n<p>Se sou italiano, me chamam de Kid Mussarella<\/p>\n<p>N\u00e3o gosto de voc\u00ea, mas eu gosto muito dela.<\/p>\n<p>\u201cYo doppo pranzo, yo dopo pranzo<\/p>\n<p>Cho volunt\u00e1 de rendare ao cinem\u00e1\u201d<\/p>\n<p>O ragazza bella, o ragazza bella<\/p>\n<p>Se vens comigo,<\/p>\n<p>Eu sou capaz de te amar.<\/p>\n<p><a href=\"http:\/\/www.guanabara.org.br\/musicas\/10_Os_Bolhas_do_Corcovado.mp3\">10 \u2013 <strong>Os Bolhas do Corcovado<\/strong><\/a><\/p>\n<p>L\u00e1 no clube Guanabara onde todo mundo anda<\/p>\n<p>Tem um tal de Corcovado Boy\u2019s Club<\/p>\n<p>Onde os bolhas \u00e9 quem mandam<\/p>\n<p>Se \u00e9 pra andar, excursionar, ou fazer uma escalada<\/p>\n<p>N\u00e3o podem contar com eles (os bolhas do Corcovado)<\/p>\n<p>Que essa turma n\u00e3o \u00e9 de nada<\/p>\n<p><a href=\"http:\/\/www.guanabara.org.br\/musicas\/11_Gente-Bem_na_Gafieira.mp3\">11 &#8211; <strong>Gente-Bem na Gafieira<\/strong><\/a><\/p>\n<p>Queria ver essa gente-bem do caf\u00e9 so\u00e7aite (ai, ai, ai)<\/p>\n<p>Dan\u00e7ar numa gafieira, sambar sem a luz da Light<\/p>\n<p>Queria ver essa gente do asfalto<\/p>\n<p>Dan\u00e7ar um samba de breque de sapato alto.<\/p>\n<p>Ai, ai morena americanizada<\/p>\n<p>Meio sofisticada, nunca me convenceu<\/p>\n<p>Por isso eu gosto da morena de Mangueira<\/p>\n<p>Que d\u00e1 n\u00f3 nas cadeiras<\/p>\n<p>Quando cai na batucada<\/p>\n<p><a href=\"http:\/\/www.guanabara.org.br\/musicas\/12_O_Frevo_do_Guanabara.mp3\">12 \u2013 <strong>O Frevo no Guanabara<\/strong><\/a><\/p>\n<p>Carnaval, carnaval, carnaval, carnaval no Guanabara<\/p>\n<p>\u00c9 o maior, \u00e9 o melhor, sem igual<\/p>\n<p>Tem um frevo que n\u00e3o para<\/p>\n<p>Re\u00fane toda a corriola bebendo ca\u00e7ula e Coca-Cola<\/p>\n<p>E leva tudo na brincadeira do domingo at\u00e9 4\u00aa-feira<\/p>\n<p>A turma \u00e9 de gente muito fina<\/p>\n<p>Confete, perfume e serpentina<\/p>\n<p>O frevo esquenta e a turma \u00e9 cara<\/p>\n<p>\u00c0 alegria que vem do Guanabara<\/p>\n<p><a href=\"http:\/\/www.guanabara.org.br\/musicas\/13_A_Diretoria.mp3\">13 \u2013<strong> A Diretoria<\/strong><\/a><\/p>\n<p>L\u00e1 no clube, o Guanabara<\/p>\n<p>N\u00f3s temos uma tal diretoria<\/p>\n<p>Quero ver quem que faria tudo que ela faz<\/p>\n<p>N\u00f3s temos o nosso Presidente<\/p>\n<p>Que \u00e9 o tipo do s\u00e9rio-sorridente<\/p>\n<p>E temos tamb\u00e9m nosso Vice<\/p>\n<p>Que seria se ele n\u00e3o existisse?<\/p>\n<p>Que tal se falar no Tesoureiro?<\/p>\n<p>Que leva todo o nosso dinheiro.<\/p>\n<p>E aquela que jamais, nunca nos falha<\/p>\n<p>\u00c9 a nossa Secret\u00e1ria, ta-ra-ra-ra-ra-r\u00e1<\/p>\n<p><a href=\"http:\/\/www.guanabara.org.br\/musicasl\/14_Marcha_do_Barrigudo.mp3\">14 \u2013 <strong>Marcha do Barrigudo<\/strong><\/a><\/p>\n<p>Foi de tomar cacha\u00e7a, foi de beber de tudo<\/p>\n<p>Foi de gostar de chope que eu fiquei t\u00e3o barrigudo, oi!<\/p>\n<p>Quando entro na dan\u00e7a, minha pan\u00e7a s\u00f3 faz sacudir<\/p>\n<p>\u00c9 que ela est\u00e1 cheia de chopp, cacha\u00e7a e Parati!<\/p>\n<p><a href=\"http:\/\/www.guanabara.org.br\/musicasl\/15_Saudade_do_Guanabara.mp3\">15 \u2013 <strong>Saudade do Guanabara<\/strong><\/a><\/p>\n<p>Em toda a vez que a gente parte<\/p>\n<p>Deixando o Rio para tr\u00e1s<\/p>\n<p>O tempo parece eternidade<\/p>\n<p>Se chora at\u00e9 n\u00e3o poder mais.<\/p>\n<p>Saudades do Guanabara \u00e9 tal que nos desampara<\/p>\n<p>\u00c9 coisa que n\u00e3o nos deixa e a gente s\u00f3 se queixa<\/p>\n<p>De estar c\u00e1 e n\u00e3o estar l\u00e1<\/p>\n<p>Saudade que rem\u00f3i, nos maltrata<\/p>\n<p>E d\u00f3i o cora\u00e7\u00e3o at\u00e9 parar<\/p>\n<p>(Essa saudade do Guanabara<\/p>\n<p>\u00c9 de verdade, nunca para)<\/p>\n<p><a href=\"http:\/\/www.guanabara.org.br\/musicas\/16_Hino_ao_Guanabara.mp3\">16 \u2013 <strong>Hino ao Guanabara<\/strong><\/a><\/p>\n<p>Para a frente, sempre e sempre olhando<\/p>\n<p>Sem temos sentir por sua sorte<\/p>\n<p>Esse grupo enfrenta o futuro confiando<\/p>\n<p>Em que o seu ideal \u00e9 bem mais forte<\/p>\n<p>Varonil que seja o seu semblante<\/p>\n<p>T\u00e3o mais nobre quanto gentil<\/p>\n<p>Nosso esporte nos honra e enobrece<\/p>\n<p>Nos orgulha e ao nosso Brasil.<\/p>\n<p>Ao ar livre dos montes n\u00f3s vamos<\/p>\n<p>Juventude briosa, alma harmoniosa<\/p>\n<p>Da terra que vem nos consagrar.<\/p>\n<p>Guanabara! Guanabara!<\/p>\n<p>Entre tantos h\u00e1s de te inspirar<\/p>\n<p>Nas montanhas, nas serras, em teu nome saber\u00e1s<\/p>\n<p>O Brasil exaltar<\/p>\n<p>Cora\u00e7\u00f5es palpitantes de ardor<\/p>\n<p>Alegrias trouxeste e o amor<\/p>\n<p>Nossos brados clamando a ti: saudar<\/p>\n<p>Mil ternuras e encantos: louvar<\/p>\n<p>No esplendor dessa terra querida do Brasil<\/p>\n<p>Guanabara surgiu!<\/p>\n<p><a href=\"http:\/\/www.guanabara.org.br\/musicas\/17_Neide_Be_Good.mp3\">17 \u2013 <strong>Neide \u201cBe Good<\/strong>&#8220;<\/a><\/p>\n<p>Oh doce e amorosa, Neide \u201cbe good\u201d<\/p>\n<p>Oh Neide \u201cbe good\u201d pra mim<\/p>\n<p>\u00c9s t\u00e3o calorosa perto de mim<\/p>\n<p>Oh Neide \u201cbe good\u201d assim<\/p>\n<p>(*) Adapta\u00e7\u00e3o de \u201cLady Be Good\u201d de George &amp; Ira Gershwin<\/p>\n<p><a href=\"http:\/\/www.guanabara.org.br\/musicas\/18_Sumidouro.mp3\">18 \u2013 O Sumidouro<\/a><\/p>\n<p>Estou com fome, n\u00e3o tem comida pra mim<\/p>\n<p>Eu fico louco, n\u00e3o posso ficar assim<\/p>\n<p>L\u00e1 no Guanabara tem uma turma<\/p>\n<p>Que come, come e n\u00e3o para mais<\/p>\n<p>\u00c9 o Sumidouro<\/p>\n<p>Que come tudo o que traz<\/p>\n<p>(e o que n\u00e3o traz)<\/p>\n<p><a href=\"http:\/\/www.guanabara.org.br\/musicasl\/19_Olha_o_Valdemar.mp3\">19 \u2013 <strong>Olha o Valdemar<\/strong><\/a><\/p>\n<p>Se voc\u00ea encontrar uma dona bem bonita<\/p>\n<p>E com ela paquerar, lembre do Valdemar<\/p>\n<p>Que ele est\u00e1 lhe acompanhando<\/p>\n<p>Est\u00e1 querendo lhe apanhar<\/p>\n<p>Mas se voc\u00ea deixar que a coisa v\u00e1 chegando<\/p>\n<p>E come\u00e7a a namorar<\/p>\n<p>Olhe o Valdemar, porque se voc\u00ea bobeia<\/p>\n<p>Veja onde vai parar, olhe o Valdemar<\/p>\n<p>Porque se voc\u00ea bobeia veja onde vai parar<\/p>\n<p>Ra, ra, ra, ra, ra, ra, ra, ra, ra, ra, r\u00e1, ra, ra, ra-ah!<\/p>\n<p><a href=\"http:\/\/www.guanabara.org.br\/musicas\/20_Guanabara_Espetacular.mp3\">20 \u2013 <strong>Guanabara Espetacular<\/strong><\/a><\/p>\n<p>Guanabara, todo o mundo gosta de voc\u00ea<\/p>\n<p>Guanabara, quem te v\u00ea n\u00e3o \u00e9 capaz de te esquecer<\/p>\n<p>Guanabara, nossa turma sempre h\u00e1 de te acompanhar<\/p>\n<p>\u00c9 na praia ou na escalada, no passeio ou caminhada<\/p>\n<p>Pro ar livre voc\u00ea faz a gente andar (tra-la-l\u00e1)<\/p>\n<p>No cinema ou no teatro, nossa festa \u00e9 um espet\u00e1culo<\/p>\n<p>N\u00e3o h\u00e1 tempo melhor pra se passar<\/p>\n<p>A turma toda sobe morro de mochila<\/p>\n<p>Se o rapaz ajuda a mo\u00e7a carregando a sua bolsa<\/p>\n<p>A mo\u00e7ada logo estrila<\/p>\n<p>Nos nossos bailes, como d\u00e1 \u201cragazza\u201d bela<\/p>\n<p>O rapaz tem simpatia e toda aquela alegria<\/p>\n<p>Vale pra ele e pra ela!<\/p>\n<p><strong>O ano da boa id\u00e9ia 2010<\/strong><\/p>\n<p>(Composi\u00e7\u00e3o Tiago Rosa)<\/p>\n<p>Foi no carnaval do JIL\u00d3<\/p>\n<p>Que tudo come\u00e7ou<\/p>\n<p>Na garagem dos RIBEIROS<\/p>\n<p>S\u00f3 se precisava de coragem,,<\/p>\n<p>Disposi\u00e7\u00e3o e vinte cruzeiros.<\/p>\n<p>SE A NATUREZA \u00c9 NOSSO GUIA<\/p>\n<p>COM F\u00c9 NA ALEGRIA, S\u00d3 O CUME INTERESSA<\/p>\n<p>S\u00c3O CINQUENTA ANOS DE CONQUISTAS<\/p>\n<p>MONTANHAS, TRILHAS, CHAMIN\u00c9S<\/p>\n<p>Foi o Guanabara, meu amor<\/p>\n<p>Que te levou para<\/p>\n<p>O \u00faltimo grampo nos espera<\/p>\n<p>Vamos repelar e tomar umas no bar<\/p>\n<p>No ano da boa id\u00e9ia<\/p>\n<p>Que quero te beijar<\/p>\n<p>E s\u00f3 o cume interessa<\/p>\n","protected":false},"excerpt":{"rendered":"<p>Ou\u00e7a o samba enredo do bloco S\u00f3 o Cume Interessa para o Carnaval 2008 S\u00f3 o Cume Interessa(Composi\u00e7\u00e3o Rodolfo Campos) Nesse Carnaval eu quero escalar N\u00e3o tem nada que me impe\u00e7a N\u00e3o vou dizer que n\u00e3o gosto de beijar Mas s\u00f3 o cume interessa No cume eu encontro alegria No cume eu encontro emo\u00e7\u00e3o \u00c9 <a class=\"more-link\" href=\"https:\/\/guanabara.org.br\/index.php\/bloco\/\">Read More &#8230;<\/a><\/p>\n","protected":false},"author":6,"featured_media":0,"parent":0,"menu_order":0,"comment_status":"closed","ping_status":"open","template":"","meta":{"footnotes":""},"class_list":["post-662","page","type-page","status-publish","hentry"],"_links":{"self":[{"href":"https:\/\/guanabara.org.br\/index.php\/wp-json\/wp\/v2\/pages\/662","targetHints":{"allow":["GET"]}}],"collection":[{"href":"https:\/\/guanabara.org.br\/index.php\/wp-json\/wp\/v2\/pages"}],"about":[{"href":"https:\/\/guanabara.org.br\/index.php\/wp-json\/wp\/v2\/types\/page"}],"author":[{"embeddable":true,"href":"https:\/\/guanabara.org.br\/index.php\/wp-json\/wp\/v2\/users\/6"}],"replies":[{"embeddable":true,"href":"https:\/\/guanabara.org.br\/index.php\/wp-json\/wp\/v2\/comments?post=662"}],"version-history":[{"count":20,"href":"https:\/\/guanabara.org.br\/index.php\/wp-json\/wp\/v2\/pages\/662\/revisions"}],"predecessor-version":[{"id":1337,"href":"https:\/\/guanabara.org.br\/index.php\/wp-json\/wp\/v2\/pages\/662\/revisions\/1337"}],"wp:attachment":[{"href":"https:\/\/guanabara.org.br\/index.php\/wp-json\/wp\/v2\/media?parent=662"}],"curies":[{"name":"wp","href":"https:\/\/api.w.org\/{rel}","templated":true}]}}