{"id":764,"date":"2013-01-04T16:45:02","date_gmt":"2013-01-04T16:45:02","guid":{"rendered":"http:\/\/guanabara.org.br\/?page_id=764"},"modified":"2021-02-01T21:26:30","modified_gmt":"2021-02-02T00:26:30","slug":"diretoria","status":"publish","type":"page","link":"https:\/\/guanabara.org.br\/index.php\/diretoria\/","title":{"rendered":"Diretoria"},"content":{"rendered":"<p><span style=\"color: #0000ff;\"><strong>Presidente<\/strong><\/span>: Alex Lauriano da Costa.<\/p>\n<p><span style=\"color: #0000ff;\"><strong>Vice-presidente<\/strong>:<\/span> Manoel Bernardo N. Vieira.<\/p>\n<p><span style=\"color: #0000ff;\"><strong>Tesoureiro<\/strong><\/span>: Joezer Costa Marques.<\/p>\n<p><span style=\"color: #0000ff;\"><strong>Diretoria T\u00e9cnica<\/strong>:<\/span> Claudio Oliveira e Rudson da Silva.<\/p>\n<p><span style=\"color: #0000ff;\"><strong>Diretoria Social<\/strong>:<\/span> Renata Gouv\u00eaa.<\/p>\n<p><span style=\"color: #0000ff;\"><strong>Diretoria de Comunica\u00e7\u00e3o<\/strong>:<\/span> Ana Carolina Oliveira.<\/p>\n<p><span style=\"color: #0000ff;\"><strong>Diretoria de Meio Ambiente<\/strong>:<\/span> Francisco Rabelo Saraiva.<\/p>\n\n\n<p><\/p>\n","protected":false},"excerpt":{"rendered":"<p>Presidente: Alex Lauriano da Costa. Vice-presidente: Manoel Bernardo N. Vieira. Tesoureiro: Joezer Costa Marques. Diretoria T\u00e9cnica: Claudio Oliveira e Rudson da Silva. Diretoria Social: Renata Gouv\u00eaa. Diretoria de Comunica\u00e7\u00e3o: Ana Carolina Oliveira. Diretoria de Meio Ambiente: Francisco Rabelo Saraiva.<\/p>\n","protected":false},"author":6,"featured_media":0,"parent":0,"menu_order":0,"comment_status":"closed","ping_status":"open","template":"","meta":{"footnotes":""},"class_list":["post-764","page","type-page","status-publish","hentry"],"_links":{"self":[{"href":"https:\/\/guanabara.org.br\/index.php\/wp-json\/wp\/v2\/pages\/764","targetHints":{"allow":["GET"]}}],"collection":[{"href":"https:\/\/guanabara.org.br\/index.php\/wp-json\/wp\/v2\/pages"}],"about":[{"href":"https:\/\/guanabara.org.br\/index.php\/wp-json\/wp\/v2\/types\/page"}],"author":[{"embeddable":true,"href":"https:\/\/guanabara.org.br\/index.php\/wp-json\/wp\/v2\/users\/6"}],"replies":[{"embeddable":true,"href":"https:\/\/guanabara.org.br\/index.php\/wp-json\/wp\/v2\/comments?post=764"}],"version-history":[{"count":24,"href":"https:\/\/guanabara.org.br\/index.php\/wp-json\/wp\/v2\/pages\/764\/revisions"}],"predecessor-version":[{"id":2504,"href":"https:\/\/guanabara.org.br\/index.php\/wp-json\/wp\/v2\/pages\/764\/revisions\/2504"}],"wp:attachment":[{"href":"https:\/\/guanabara.org.br\/index.php\/wp-json\/wp\/v2\/media?parent=764"}],"curies":[{"name":"wp","href":"https:\/\/api.w.org\/{rel}","templated":true}]}}