{"id":834,"date":"2013-01-17T20:45:22","date_gmt":"2013-01-17T23:45:22","guid":{"rendered":"http:\/\/guanabara.org.br\/?page_id=834"},"modified":"2019-07-09T14:37:45","modified_gmt":"2019-07-09T17:37:45","slug":"agenda","status":"publish","type":"page","link":"https:\/\/guanabara.org.br\/index.php\/agenda\/","title":{"rendered":"Agenda"},"content":{"rendered":"<p>&nbsp;<\/p>\n<p><center>&nbsp;<\/p>\n<p><iframe loading=\"lazy\" style=\"border-width: 0;\" src=\"https:\/\/www.google.com\/calendar\/embed?title=Calend%C3%A1rio%20Institucional%20do%20Guanabara&amp;height=400&amp;wkst=2&amp;bgcolor=%23FFFFFF&amp;src=ceguanabara%40gmail.com&amp;color=%23182C57&amp;ctz=America%2FSao_Paulo\" width=\"600\" height=\"400\" frameborder=\"0\" scrolling=\"no\"><\/iframe><\/p>\n<p><\/center>&nbsp;<\/p>\n<ul>\n<li><a title=\"Ver este calend\u00e1rio de maneira ampliada\" href=\"https:\/\/www.google.com\/calendar\/embed?title=Calend%C3%A1rio%20Institucional%20do%20Guanabara&amp;src=ceguanabara%40gmail.com\" target=\"_blank\" rel=\"noopener noreferrer\">Clique aqui para ver este calend\u00e1rio de maneira ampliada.<\/a><\/li>\n<li><a title=\"Clique aqui para ver este calend\u00e1rio consolidado com o seu calend\u00e1rio particular\" href=\"https:\/\/www.google.com\/calendar\/render?cid=ceguanabara%40gmail.com\" target=\"_blank\" rel=\"noopener noreferrer\">Clique aqui para ver este calend\u00e1rio consolidado com o seu calend\u00e1rio particular<\/a> (para quem tem conta no Google).<\/li>\n<\/ul>\n<hr \/>\n<p>&nbsp;<\/p>\n<p>&nbsp;<\/p>\n","protected":false},"excerpt":{"rendered":"<p>&nbsp; &nbsp; &nbsp; Clique aqui para ver este calend\u00e1rio de maneira ampliada. Clique aqui para ver este calend\u00e1rio consolidado com o seu calend\u00e1rio particular (para quem tem conta no Google). &nbsp; &nbsp;<\/p>\n","protected":false},"author":6,"featured_media":0,"parent":0,"menu_order":0,"comment_status":"closed","ping_status":"open","template":"","meta":{"footnotes":""},"class_list":["post-834","page","type-page","status-publish","hentry"],"_links":{"self":[{"href":"https:\/\/guanabara.org.br\/index.php\/wp-json\/wp\/v2\/pages\/834","targetHints":{"allow":["GET"]}}],"collection":[{"href":"https:\/\/guanabara.org.br\/index.php\/wp-json\/wp\/v2\/pages"}],"about":[{"href":"https:\/\/guanabara.org.br\/index.php\/wp-json\/wp\/v2\/types\/page"}],"author":[{"embeddable":true,"href":"https:\/\/guanabara.org.br\/index.php\/wp-json\/wp\/v2\/users\/6"}],"replies":[{"embeddable":true,"href":"https:\/\/guanabara.org.br\/index.php\/wp-json\/wp\/v2\/comments?post=834"}],"version-history":[{"count":8,"href":"https:\/\/guanabara.org.br\/index.php\/wp-json\/wp\/v2\/pages\/834\/revisions"}],"predecessor-version":[{"id":2105,"href":"https:\/\/guanabara.org.br\/index.php\/wp-json\/wp\/v2\/pages\/834\/revisions\/2105"}],"wp:attachment":[{"href":"https:\/\/guanabara.org.br\/index.php\/wp-json\/wp\/v2\/media?parent=834"}],"curies":[{"name":"wp","href":"https:\/\/api.w.org\/{rel}","templated":true}]}}