{"id":845,"date":"2013-01-18T10:58:00","date_gmt":"2013-01-18T13:58:00","guid":{"rendered":"http:\/\/guanabara.org.br\/?page_id=845"},"modified":"2019-07-09T12:35:18","modified_gmt":"2019-07-09T15:35:18","slug":"janeiro","status":"publish","type":"page","link":"https:\/\/guanabara.org.br\/index.php\/janeiro\/","title":{"rendered":"Janeiro"},"content":{"rendered":"<p>01 &#8211; Marcela Campista Borges de Carvalho<br \/>\n10 &#8211; Adriana Oliveira Borges de Carvalho<br \/>\n13 &#8211; Roberto Schmidt de Almeida<br \/>\n21 &#8211; Denise Mendes Chaves<br \/>\n21 &#8211; Leonardo Arantes Guerra<br \/>\n22 &#8211; Juliana Maria Fell<br \/>\n24 &#8211; Boris Flegr<br \/>\n24 &#8211; Marcelo Pe\u00e7anha<br \/>\n27 &#8211; Teresa Maria da Franca Moniz de Arag\u00e3o<br \/>\n28 &#8211; Nat\u00e1lia Carcione<\/p>\n","protected":false},"excerpt":{"rendered":"<p>01 &#8211; Marcela Campista Borges de Carvalho 10 &#8211; Adriana Oliveira Borges de Carvalho 13 &#8211; Roberto Schmidt de Almeida 21 &#8211; Denise Mendes Chaves 21 &#8211; Leonardo Arantes Guerra 22 &#8211; Juliana Maria Fell 24 &#8211; Boris Flegr 24 &#8211; Marcelo Pe\u00e7anha 27 &#8211; Teresa Maria da Franca Moniz de Arag\u00e3o 28 &#8211; Nat\u00e1lia <a class=\"more-link\" href=\"https:\/\/guanabara.org.br\/index.php\/janeiro\/\">Read More &#8230;<\/a><\/p>\n","protected":false},"author":6,"featured_media":0,"parent":0,"menu_order":0,"comment_status":"closed","ping_status":"open","template":"","meta":{"footnotes":""},"class_list":["post-845","page","type-page","status-publish","hentry"],"_links":{"self":[{"href":"https:\/\/guanabara.org.br\/index.php\/wp-json\/wp\/v2\/pages\/845","targetHints":{"allow":["GET"]}}],"collection":[{"href":"https:\/\/guanabara.org.br\/index.php\/wp-json\/wp\/v2\/pages"}],"about":[{"href":"https:\/\/guanabara.org.br\/index.php\/wp-json\/wp\/v2\/types\/page"}],"author":[{"embeddable":true,"href":"https:\/\/guanabara.org.br\/index.php\/wp-json\/wp\/v2\/users\/6"}],"replies":[{"embeddable":true,"href":"https:\/\/guanabara.org.br\/index.php\/wp-json\/wp\/v2\/comments?post=845"}],"version-history":[{"count":9,"href":"https:\/\/guanabara.org.br\/index.php\/wp-json\/wp\/v2\/pages\/845\/revisions"}],"predecessor-version":[{"id":2092,"href":"https:\/\/guanabara.org.br\/index.php\/wp-json\/wp\/v2\/pages\/845\/revisions\/2092"}],"wp:attachment":[{"href":"https:\/\/guanabara.org.br\/index.php\/wp-json\/wp\/v2\/media?parent=845"}],"curies":[{"name":"wp","href":"https:\/\/api.w.org\/{rel}","templated":true}]}}